{"id":8357,"date":"2022-09-21T13:07:12","date_gmt":"2022-09-21T11:07:12","guid":{"rendered":"https:\/\/www.adconsultants-communications.com\/?page_id=8357"},"modified":"2022-09-23T17:39:20","modified_gmt":"2022-09-23T15:39:20","slug":"discours-de-foire","status":"publish","type":"page","link":"https:\/\/www.adconsultants-communications.com\/?page_id=8357","title":{"rendered":"Discours de foire"},"content":{"rendered":"<p>[vc_section css=\u00a0\u00bb.vc_custom_1497387491552{border-bottom-width: 1px !important;border-bottom-color: #dddddd !important;border-bottom-style: solid !important;}\u00a0\u00bb][vc_row 0=\u00a0\u00bb\u00a0\u00bb][vc_column 0=\u00a0\u00bb\u00a0\u00bb]<div class=\"wpb_content_element \"><style type=\"text\/css\">#ut_header_69f7408cf2195 h2.section-title { font-size:40px !important;line-height:55px !important; }<\/style><header id=\"ut_header_69f7408cf2195\" class=\"section-header  ut-no-title-linebreak-mobile ut-no-lead-linebreak-mobile pt-style-7 header-left header-tablet-left header-mobile-center element-with-custom-line-height\"><div class=\"element-with-custom-line-height\" ><h2 data-title=\"Discours de foire\"  data-responsive-font=\"section_title\" data-responsive-font-settings=\"{&quot;base-font-size&quot;:&quot;40&quot;,&quot;font-size-unit&quot;:&quot;px&quot;,&quot;font-size&quot;:{&quot;desktop_large&quot;:&quot;40&quot;},&quot;base-line-height&quot;:&quot;global&quot;,&quot;line-height&quot;:{&quot;desktop_large&quot;:&quot;55&quot;},&quot;base-letter-spacing&quot;:&quot;global&quot;}\" class=\"section-title  \"><span><b>Discours de foire<\/b><\/span><\/h2><\/div><div data-delay=\"0\" class=\"lead \"><p>Les discours de foire sont longs, longs\u2026 avec, selon un protocole bien \u00e9tabli une multitude d\u2019intervenants, aux propos l\u00e9nifiants, r\u00e9p\u00e9titifs, en d\u00e9calage complet avec l\u2019objet de la manifestation. Il n\u2019est pas rare d\u2019assister \u00e0 six voire sept discours.<\/p>\n<p>La foire du Renouveau \u00e0 Treigny en Puisaye, \u00e0 l\u2019aube du printemps, s\u2019inscrit dans cette tradition qui fleure bon la France profonde, attach\u00e9e \u00e0 ses racines et \u00e0 son histoire.<br \/>\nApr\u00e8s le tour du village et le spectacle \u00e9questre propos\u00e9 par le syndicat des \u00e9leveurs de chevaux, les personnalit\u00e9s se retrouvent \u00e0 la mairie pour la remise des prix et les discours traditionnels.<\/p>\n<p>La salle du conseil municipal accueille une centaine de personnes debout, serr\u00e9es avec une table pour les prix \u00e0 remettre et une autre pour le vin d\u2019honneur. C\u2019est dire que les conditions d\u2019\u00e9coute ne sont pas parfaites et que la qualit\u00e9 des discours se mesurent \u00e0 l\u2019aune du temps \u00e9coul\u00e9.<\/p>\n<p>Pourtant, chaque orateur salue les personnalit\u00e9s pr\u00e9sentes ce qui, \u00e0 la longue, conforte l\u2019auditoire dans une ennuyeuse lassitude et accentue sa fatigue physique.<br \/>\nAu moment des \u00e9lections, les candidats prononcent des discours tr\u00e8s contrast\u00e9s, m\u00ealant bilan et perspectives, annonces de candidatures ou pas, projets et regrets. L\u2019organisateur de la manifestation a bien du mal \u00e0 faire entendre sa voix. Chacun fait son discours dans son couloir, si \u00e9troit et si long qu\u2019il en est inaudible.<\/p>\n<p>Souvent le dernier orateur, lass\u00e9 d\u2019attendre et d\u2019entendre les m\u00eames phrases, raccourcit son temps de parole, ce qui lui permet d\u2019\u00eatre le plus applaudi car il ouvre la voie aux r\u00e9compenses et au vin d\u2019honneur.<br \/>\nCes discours m\u2019ont confort\u00e9 dans l\u2019id\u00e9e de passer mon tour lorsque je sens l\u2019assembl\u00e9e lass\u00e9e.<\/p>\n<\/div><\/header><\/div>[\/vc_column][\/vc_row][\/vc_section]<\/p>\n","protected":false},"excerpt":{"rendered":"<p>[vc_section css=\u00a0\u00bb.vc_custom_1497387491552{border-bottom-width: 1px !important;border-bottom-color: #dddddd !important;border-bottom-style: solid !important;}\u00a0\u00bb][vc_row 0=\u00a0\u00bb\u00a0\u00bb][vc_column 0=\u00a0\u00bb\u00a0\u00bb][\/vc_column][\/vc_row][\/vc_section]<\/p>\n","protected":false},"author":1,"featured_media":0,"parent":0,"menu_order":0,"comment_status":"closed","ping_status":"closed","template":"","meta":{"footnotes":""},"class_list":["post-8357","page","type-page","status-publish","hentry"],"yoast_head":"<!-- This site is optimized with the Yoast SEO plugin v19.9 - https:\/\/yoast.com\/wordpress\/plugins\/seo\/ -->\n<title>Discours de foire - AD Consultants<\/title>\n<meta name=\"robots\" content=\"index, follow, max-snippet:-1, max-image-preview:large, max-video-preview:-1\" \/>\n<link rel=\"canonical\" href=\"https:\/\/www.adconsultants-communications.com\/?page_id=8357\" \/>\n<meta property=\"og:locale\" content=\"fr_FR\" \/>\n<meta property=\"og:type\" content=\"article\" \/>\n<meta property=\"og:title\" content=\"Discours de foire - AD Consultants\" \/>\n<meta property=\"og:description\" content=\"[vc_section css=\u00a0\u00bb.vc_custom_1497387491552{border-bottom-width: 1px !important;border-bottom-color: #dddddd !important;border-bottom-style: solid !important;}\u00a0\u00bb][vc_row 0=\u00a0\u00bb\u00a0\u00bb][vc_column 0=\u00a0\u00bb\u00a0\u00bb][\/vc_column][\/vc_row][\/vc_section]\" \/>\n<meta property=\"og:url\" content=\"https:\/\/www.adconsultants-communications.com\/?page_id=8357\" \/>\n<meta property=\"og:site_name\" content=\"AD Consultants\" \/>\n<meta property=\"article:modified_time\" content=\"2022-09-23T15:39:20+00:00\" \/>\n<meta name=\"twitter:card\" content=\"summary_large_image\" \/>\n<meta name=\"twitter:label1\" content=\"Dur\u00e9e de lecture estim\u00e9e\" \/>\n\t<meta name=\"twitter:data1\" content=\"2 minutes\" \/>\n<script type=\"application\/ld+json\" class=\"yoast-schema-graph\">{\"@context\":\"https:\/\/schema.org\",\"@graph\":[{\"@type\":\"WebPage\",\"@id\":\"https:\/\/www.adconsultants-communications.com\/?page_id=8357\",\"url\":\"https:\/\/www.adconsultants-communications.com\/?page_id=8357\",\"name\":\"Discours de foire - AD Consultants\",\"isPartOf\":{\"@id\":\"https:\/\/www.adconsultants-communications.com\/#website\"},\"datePublished\":\"2022-09-21T11:07:12+00:00\",\"dateModified\":\"2022-09-23T15:39:20+00:00\",\"breadcrumb\":{\"@id\":\"https:\/\/www.adconsultants-communications.com\/?page_id=8357#breadcrumb\"},\"inLanguage\":\"fr-FR\",\"potentialAction\":[{\"@type\":\"ReadAction\",\"target\":[\"https:\/\/www.adconsultants-communications.com\/?page_id=8357\"]}]},{\"@type\":\"BreadcrumbList\",\"@id\":\"https:\/\/www.adconsultants-communications.com\/?page_id=8357#breadcrumb\",\"itemListElement\":[{\"@type\":\"ListItem\",\"position\":1,\"name\":\"Accueil\",\"item\":\"https:\/\/www.adconsultants-communications.com\/\"},{\"@type\":\"ListItem\",\"position\":2,\"name\":\"Discours de foire\"}]},{\"@type\":\"WebSite\",\"@id\":\"https:\/\/www.adconsultants-communications.com\/#website\",\"url\":\"https:\/\/www.adconsultants-communications.com\/\",\"name\":\"AD Consultants\",\"description\":\"\",\"publisher\":{\"@id\":\"https:\/\/www.adconsultants-communications.com\/#organization\"},\"potentialAction\":[{\"@type\":\"SearchAction\",\"target\":{\"@type\":\"EntryPoint\",\"urlTemplate\":\"https:\/\/www.adconsultants-communications.com\/?s={search_term_string}\"},\"query-input\":\"required name=search_term_string\"}],\"inLanguage\":\"fr-FR\"},{\"@type\":\"Organization\",\"@id\":\"https:\/\/www.adconsultants-communications.com\/#organization\",\"name\":\"AD Consultants communications\",\"url\":\"https:\/\/www.adconsultants-communications.com\/\",\"logo\":{\"@type\":\"ImageObject\",\"inLanguage\":\"fr-FR\",\"@id\":\"https:\/\/www.adconsultants-communications.com\/#\/schema\/logo\/image\/\",\"url\":\"https:\/\/www.adconsultants-communications.com\/wp-content\/uploads\/2022\/09\/LOGO_5.jpg\",\"contentUrl\":\"https:\/\/www.adconsultants-communications.com\/wp-content\/uploads\/2022\/09\/LOGO_5.jpg\",\"width\":800,\"height\":200,\"caption\":\"AD Consultants communications\"},\"image\":{\"@id\":\"https:\/\/www.adconsultants-communications.com\/#\/schema\/logo\/image\/\"}}]}<\/script>\n<!-- \/ Yoast SEO plugin. -->","yoast_head_json":{"title":"Discours de foire - AD Consultants","robots":{"index":"index","follow":"follow","max-snippet":"max-snippet:-1","max-image-preview":"max-image-preview:large","max-video-preview":"max-video-preview:-1"},"canonical":"https:\/\/www.adconsultants-communications.com\/?page_id=8357","og_locale":"fr_FR","og_type":"article","og_title":"Discours de foire - AD Consultants","og_description":"[vc_section css=\u00a0\u00bb.vc_custom_1497387491552{border-bottom-width: 1px !important;border-bottom-color: #dddddd !important;border-bottom-style: solid !important;}\u00a0\u00bb][vc_row 0=\u00a0\u00bb\u00a0\u00bb][vc_column 0=\u00a0\u00bb\u00a0\u00bb][\/vc_column][\/vc_row][\/vc_section]","og_url":"https:\/\/www.adconsultants-communications.com\/?page_id=8357","og_site_name":"AD Consultants","article_modified_time":"2022-09-23T15:39:20+00:00","twitter_card":"summary_large_image","twitter_misc":{"Dur\u00e9e de lecture estim\u00e9e":"2 minutes"},"schema":{"@context":"https:\/\/schema.org","@graph":[{"@type":"WebPage","@id":"https:\/\/www.adconsultants-communications.com\/?page_id=8357","url":"https:\/\/www.adconsultants-communications.com\/?page_id=8357","name":"Discours de foire - AD Consultants","isPartOf":{"@id":"https:\/\/www.adconsultants-communications.com\/#website"},"datePublished":"2022-09-21T11:07:12+00:00","dateModified":"2022-09-23T15:39:20+00:00","breadcrumb":{"@id":"https:\/\/www.adconsultants-communications.com\/?page_id=8357#breadcrumb"},"inLanguage":"fr-FR","potentialAction":[{"@type":"ReadAction","target":["https:\/\/www.adconsultants-communications.com\/?page_id=8357"]}]},{"@type":"BreadcrumbList","@id":"https:\/\/www.adconsultants-communications.com\/?page_id=8357#breadcrumb","itemListElement":[{"@type":"ListItem","position":1,"name":"Accueil","item":"https:\/\/www.adconsultants-communications.com\/"},{"@type":"ListItem","position":2,"name":"Discours de foire"}]},{"@type":"WebSite","@id":"https:\/\/www.adconsultants-communications.com\/#website","url":"https:\/\/www.adconsultants-communications.com\/","name":"AD Consultants","description":"","publisher":{"@id":"https:\/\/www.adconsultants-communications.com\/#organization"},"potentialAction":[{"@type":"SearchAction","target":{"@type":"EntryPoint","urlTemplate":"https:\/\/www.adconsultants-communications.com\/?s={search_term_string}"},"query-input":"required name=search_term_string"}],"inLanguage":"fr-FR"},{"@type":"Organization","@id":"https:\/\/www.adconsultants-communications.com\/#organization","name":"AD Consultants communications","url":"https:\/\/www.adconsultants-communications.com\/","logo":{"@type":"ImageObject","inLanguage":"fr-FR","@id":"https:\/\/www.adconsultants-communications.com\/#\/schema\/logo\/image\/","url":"https:\/\/www.adconsultants-communications.com\/wp-content\/uploads\/2022\/09\/LOGO_5.jpg","contentUrl":"https:\/\/www.adconsultants-communications.com\/wp-content\/uploads\/2022\/09\/LOGO_5.jpg","width":800,"height":200,"caption":"AD Consultants communications"},"image":{"@id":"https:\/\/www.adconsultants-communications.com\/#\/schema\/logo\/image\/"}}]}},"_links":{"self":[{"href":"https:\/\/www.adconsultants-communications.com\/index.php?rest_route=\/wp\/v2\/pages\/8357","targetHints":{"allow":["GET"]}}],"collection":[{"href":"https:\/\/www.adconsultants-communications.com\/index.php?rest_route=\/wp\/v2\/pages"}],"about":[{"href":"https:\/\/www.adconsultants-communications.com\/index.php?rest_route=\/wp\/v2\/types\/page"}],"author":[{"embeddable":true,"href":"https:\/\/www.adconsultants-communications.com\/index.php?rest_route=\/wp\/v2\/users\/1"}],"replies":[{"embeddable":true,"href":"https:\/\/www.adconsultants-communications.com\/index.php?rest_route=%2Fwp%2Fv2%2Fcomments&post=8357"}],"version-history":[{"count":1,"href":"https:\/\/www.adconsultants-communications.com\/index.php?rest_route=\/wp\/v2\/pages\/8357\/revisions"}],"predecessor-version":[{"id":8371,"href":"https:\/\/www.adconsultants-communications.com\/index.php?rest_route=\/wp\/v2\/pages\/8357\/revisions\/8371"}],"wp:attachment":[{"href":"https:\/\/www.adconsultants-communications.com\/index.php?rest_route=%2Fwp%2Fv2%2Fmedia&parent=8357"}],"curies":[{"name":"wp","href":"https:\/\/api.w.org\/{rel}","templated":true}]}}