{"id":8354,"date":"2022-09-21T12:57:38","date_gmt":"2022-09-21T10:57:38","guid":{"rendered":"https:\/\/www.adconsultants-communications.com\/?page_id=8354"},"modified":"2022-09-23T17:37:48","modified_gmt":"2022-09-23T15:37:48","slug":"simpregner-dun-texte-ecrit-pour-bien-parler-en-public","status":"publish","type":"page","link":"https:\/\/www.adconsultants-communications.com\/?page_id=8354","title":{"rendered":"S\u2019impr\u00e9gner d\u2019un texte \u00e9crit pour bien parler en public"},"content":{"rendered":"<p>[vc_section css=\u00a0\u00bb.vc_custom_1497387491552{border-bottom-width: 1px !important;border-bottom-color: #dddddd !important;border-bottom-style: solid !important;}\u00a0\u00bb][vc_row 0=\u00a0\u00bb\u00a0\u00bb][vc_column 0=\u00a0\u00bb\u00a0\u00bb]<div class=\"wpb_content_element \"><style type=\"text\/css\">#ut_header_69f740a404caf h2.section-title { font-size:40px !important;line-height:55px !important; }<\/style><header id=\"ut_header_69f740a404caf\" class=\"section-header  ut-no-title-linebreak-mobile ut-no-lead-linebreak-mobile pt-style-7 header-left header-tablet-left header-mobile-center element-with-custom-line-height\"><div class=\"element-with-custom-line-height\" ><h2 data-title=\"Le centenaire de la mort de Paul Bert\"  data-responsive-font=\"section_title\" data-responsive-font-settings=\"{&quot;base-font-size&quot;:&quot;40&quot;,&quot;font-size-unit&quot;:&quot;px&quot;,&quot;font-size&quot;:{&quot;desktop_large&quot;:&quot;40&quot;},&quot;base-line-height&quot;:&quot;global&quot;,&quot;line-height&quot;:{&quot;desktop_large&quot;:&quot;55&quot;},&quot;base-letter-spacing&quot;:&quot;global&quot;}\" class=\"section-title  \"><span><b>Le centenaire de la mort de Paul Bert<\/b><\/span><\/h2><\/div><div data-delay=\"0\" class=\"lead \"><p>C\u2019est en 1986 que Fran\u00e7ois Miterrand vint \u00e0 Auxerre pour comm\u00e9morer le centenaire de la mort de Paul Bert. A cette occasion, Jean Pierre Soisson a pr\u00e9par\u00e9 un discours long d\u2019une vingtaine de pages, discours d\u2019une large culture et d\u2019une grande \u00e9l\u00e9gance.<br \/>\nA l\u2019arriv\u00e9e du pr\u00e9sident, il me confie son texte et ajoute : \u00ab avant de monter \u00e0 la tribune, vous me le pr\u00e9senterez \u00bb.<br \/>\nLa visite officielle d\u2019un pr\u00e9sident de la r\u00e9publique est un \u00e9v\u00e8nement tant dans son organisation que dans son d\u00e9roulement . C\u2019est pourquoi je ne manque pas de suivre au plus pr\u00e8s le pr\u00e9sident et le maire lors de la mont\u00e9e des marches de la mairie.<br \/>\nTous deux se retirent un instant dans le bureau de Jean Pierre Soisson.<br \/>\nJe passe alors dans la salle du conseil municipal o\u00f9 les discours sont retransmis en direct devant les chaines de t\u00e9l\u00e9vision.<br \/>\nJean Pierre Soisson ouvre la porte de son bureau, se dirige vers la tribune, me tend la main pour prendre ses documents \u2026 je les ai oubli\u00e9s dans ma voiture gar\u00e9e sur le parking de la mairie.<br \/>\nJe me pr\u00e9cipite hors de la salle pour aller les chercher.<br \/>\nDeux minutes plus tard je suis de retour\u2026 mais Jean Pierre Soisson a d\u00e9j\u00e0 commenc\u00e9 son discours. Je me place devant lui, son dossier dans ma main, pr\u00eat \u00e0 lui donner au cas o\u00f9 sa m\u00e9moire connaitrait une d\u00e9faillance.<br \/>\nJe suis tendu, mon c\u0153ur bat fort car je crains le pire.<br \/>\nVingt minutes plus tard, il ach\u00e8ve brillamment son intervention et re\u00e7oit des applaudissements nourris.<br \/>\nVoyant cela, Fran\u00e7ois Miterrand \u00e9carte ostensiblement son dossier et \u00e9voque Paul Bert avec force et convictions, sans notes durant 35 minutes.<br \/>\nDeux grand orateurs r\u00e9unis \u00e0 Auxerre, un apr\u00e8s- midi de r\u00eaves qui aurait pu mal tourner s\u2019ils ne s\u2019\u00e9taient pas impr\u00e9gn\u00e9s de leurs textes en le pr\u00e9parant, s\u2019ils n\u2019avaient pas fait corps avec leur sujet, s\u2019ils n\u2019avaient pas cru en ce qu\u2019ils disaient.<br \/>\nPar la suite, Jean Pierre Soisson me rappela r\u00e9guli\u00e8rement de ne pas oublier son discours.<\/p>\n<\/div><\/header><\/div>[\/vc_column][\/vc_row][\/vc_section]<\/p>\n","protected":false},"excerpt":{"rendered":"<p>[vc_section css=\u00a0\u00bb.vc_custom_1497387491552{border-bottom-width: 1px !important;border-bottom-color: #dddddd !important;border-bottom-style: solid !important;}\u00a0\u00bb][vc_row 0=\u00a0\u00bb\u00a0\u00bb][vc_column 0=\u00a0\u00bb\u00a0\u00bb][\/vc_column][\/vc_row][\/vc_section]<\/p>\n","protected":false},"author":1,"featured_media":0,"parent":0,"menu_order":0,"comment_status":"closed","ping_status":"closed","template":"","meta":{"footnotes":""},"class_list":["post-8354","page","type-page","status-publish","hentry"],"yoast_head":"<!-- This site is optimized with the Yoast SEO plugin v19.9 - https:\/\/yoast.com\/wordpress\/plugins\/seo\/ -->\n<title>S\u2019impr\u00e9gner d\u2019un texte \u00e9crit pour bien parler en public - AD Consultants<\/title>\n<meta name=\"robots\" content=\"index, follow, max-snippet:-1, max-image-preview:large, max-video-preview:-1\" \/>\n<link rel=\"canonical\" href=\"https:\/\/www.adconsultants-communications.com\/?page_id=8354\" \/>\n<meta property=\"og:locale\" content=\"fr_FR\" \/>\n<meta property=\"og:type\" content=\"article\" \/>\n<meta property=\"og:title\" content=\"S\u2019impr\u00e9gner d\u2019un texte \u00e9crit pour bien parler en public - AD Consultants\" \/>\n<meta property=\"og:description\" content=\"[vc_section css=\u00a0\u00bb.vc_custom_1497387491552{border-bottom-width: 1px !important;border-bottom-color: #dddddd !important;border-bottom-style: solid !important;}\u00a0\u00bb][vc_row 0=\u00a0\u00bb\u00a0\u00bb][vc_column 0=\u00a0\u00bb\u00a0\u00bb][\/vc_column][\/vc_row][\/vc_section]\" \/>\n<meta property=\"og:url\" content=\"https:\/\/www.adconsultants-communications.com\/?page_id=8354\" \/>\n<meta property=\"og:site_name\" content=\"AD Consultants\" \/>\n<meta property=\"article:modified_time\" content=\"2022-09-23T15:37:48+00:00\" \/>\n<meta name=\"twitter:card\" content=\"summary_large_image\" \/>\n<meta name=\"twitter:label1\" content=\"Dur\u00e9e de lecture estim\u00e9e\" \/>\n\t<meta name=\"twitter:data1\" content=\"2 minutes\" \/>\n<script type=\"application\/ld+json\" class=\"yoast-schema-graph\">{\"@context\":\"https:\/\/schema.org\",\"@graph\":[{\"@type\":\"WebPage\",\"@id\":\"https:\/\/www.adconsultants-communications.com\/?page_id=8354\",\"url\":\"https:\/\/www.adconsultants-communications.com\/?page_id=8354\",\"name\":\"S\u2019impr\u00e9gner d\u2019un texte \u00e9crit pour bien parler en public - AD Consultants\",\"isPartOf\":{\"@id\":\"https:\/\/www.adconsultants-communications.com\/#website\"},\"datePublished\":\"2022-09-21T10:57:38+00:00\",\"dateModified\":\"2022-09-23T15:37:48+00:00\",\"breadcrumb\":{\"@id\":\"https:\/\/www.adconsultants-communications.com\/?page_id=8354#breadcrumb\"},\"inLanguage\":\"fr-FR\",\"potentialAction\":[{\"@type\":\"ReadAction\",\"target\":[\"https:\/\/www.adconsultants-communications.com\/?page_id=8354\"]}]},{\"@type\":\"BreadcrumbList\",\"@id\":\"https:\/\/www.adconsultants-communications.com\/?page_id=8354#breadcrumb\",\"itemListElement\":[{\"@type\":\"ListItem\",\"position\":1,\"name\":\"Accueil\",\"item\":\"https:\/\/www.adconsultants-communications.com\/\"},{\"@type\":\"ListItem\",\"position\":2,\"name\":\"S\u2019impr\u00e9gner d\u2019un texte \u00e9crit pour bien parler en public\"}]},{\"@type\":\"WebSite\",\"@id\":\"https:\/\/www.adconsultants-communications.com\/#website\",\"url\":\"https:\/\/www.adconsultants-communications.com\/\",\"name\":\"AD Consultants\",\"description\":\"\",\"publisher\":{\"@id\":\"https:\/\/www.adconsultants-communications.com\/#organization\"},\"potentialAction\":[{\"@type\":\"SearchAction\",\"target\":{\"@type\":\"EntryPoint\",\"urlTemplate\":\"https:\/\/www.adconsultants-communications.com\/?s={search_term_string}\"},\"query-input\":\"required name=search_term_string\"}],\"inLanguage\":\"fr-FR\"},{\"@type\":\"Organization\",\"@id\":\"https:\/\/www.adconsultants-communications.com\/#organization\",\"name\":\"AD Consultants communications\",\"url\":\"https:\/\/www.adconsultants-communications.com\/\",\"logo\":{\"@type\":\"ImageObject\",\"inLanguage\":\"fr-FR\",\"@id\":\"https:\/\/www.adconsultants-communications.com\/#\/schema\/logo\/image\/\",\"url\":\"https:\/\/www.adconsultants-communications.com\/wp-content\/uploads\/2022\/09\/LOGO_5.jpg\",\"contentUrl\":\"https:\/\/www.adconsultants-communications.com\/wp-content\/uploads\/2022\/09\/LOGO_5.jpg\",\"width\":800,\"height\":200,\"caption\":\"AD Consultants communications\"},\"image\":{\"@id\":\"https:\/\/www.adconsultants-communications.com\/#\/schema\/logo\/image\/\"}}]}<\/script>\n<!-- \/ Yoast SEO plugin. -->","yoast_head_json":{"title":"S\u2019impr\u00e9gner d\u2019un texte \u00e9crit pour bien parler en public - AD Consultants","robots":{"index":"index","follow":"follow","max-snippet":"max-snippet:-1","max-image-preview":"max-image-preview:large","max-video-preview":"max-video-preview:-1"},"canonical":"https:\/\/www.adconsultants-communications.com\/?page_id=8354","og_locale":"fr_FR","og_type":"article","og_title":"S\u2019impr\u00e9gner d\u2019un texte \u00e9crit pour bien parler en public - AD Consultants","og_description":"[vc_section css=\u00a0\u00bb.vc_custom_1497387491552{border-bottom-width: 1px !important;border-bottom-color: #dddddd !important;border-bottom-style: solid !important;}\u00a0\u00bb][vc_row 0=\u00a0\u00bb\u00a0\u00bb][vc_column 0=\u00a0\u00bb\u00a0\u00bb][\/vc_column][\/vc_row][\/vc_section]","og_url":"https:\/\/www.adconsultants-communications.com\/?page_id=8354","og_site_name":"AD Consultants","article_modified_time":"2022-09-23T15:37:48+00:00","twitter_card":"summary_large_image","twitter_misc":{"Dur\u00e9e de lecture estim\u00e9e":"2 minutes"},"schema":{"@context":"https:\/\/schema.org","@graph":[{"@type":"WebPage","@id":"https:\/\/www.adconsultants-communications.com\/?page_id=8354","url":"https:\/\/www.adconsultants-communications.com\/?page_id=8354","name":"S\u2019impr\u00e9gner d\u2019un texte \u00e9crit pour bien parler en public - AD Consultants","isPartOf":{"@id":"https:\/\/www.adconsultants-communications.com\/#website"},"datePublished":"2022-09-21T10:57:38+00:00","dateModified":"2022-09-23T15:37:48+00:00","breadcrumb":{"@id":"https:\/\/www.adconsultants-communications.com\/?page_id=8354#breadcrumb"},"inLanguage":"fr-FR","potentialAction":[{"@type":"ReadAction","target":["https:\/\/www.adconsultants-communications.com\/?page_id=8354"]}]},{"@type":"BreadcrumbList","@id":"https:\/\/www.adconsultants-communications.com\/?page_id=8354#breadcrumb","itemListElement":[{"@type":"ListItem","position":1,"name":"Accueil","item":"https:\/\/www.adconsultants-communications.com\/"},{"@type":"ListItem","position":2,"name":"S\u2019impr\u00e9gner d\u2019un texte \u00e9crit pour bien parler en public"}]},{"@type":"WebSite","@id":"https:\/\/www.adconsultants-communications.com\/#website","url":"https:\/\/www.adconsultants-communications.com\/","name":"AD Consultants","description":"","publisher":{"@id":"https:\/\/www.adconsultants-communications.com\/#organization"},"potentialAction":[{"@type":"SearchAction","target":{"@type":"EntryPoint","urlTemplate":"https:\/\/www.adconsultants-communications.com\/?s={search_term_string}"},"query-input":"required name=search_term_string"}],"inLanguage":"fr-FR"},{"@type":"Organization","@id":"https:\/\/www.adconsultants-communications.com\/#organization","name":"AD Consultants communications","url":"https:\/\/www.adconsultants-communications.com\/","logo":{"@type":"ImageObject","inLanguage":"fr-FR","@id":"https:\/\/www.adconsultants-communications.com\/#\/schema\/logo\/image\/","url":"https:\/\/www.adconsultants-communications.com\/wp-content\/uploads\/2022\/09\/LOGO_5.jpg","contentUrl":"https:\/\/www.adconsultants-communications.com\/wp-content\/uploads\/2022\/09\/LOGO_5.jpg","width":800,"height":200,"caption":"AD Consultants communications"},"image":{"@id":"https:\/\/www.adconsultants-communications.com\/#\/schema\/logo\/image\/"}}]}},"_links":{"self":[{"href":"https:\/\/www.adconsultants-communications.com\/index.php?rest_route=\/wp\/v2\/pages\/8354","targetHints":{"allow":["GET"]}}],"collection":[{"href":"https:\/\/www.adconsultants-communications.com\/index.php?rest_route=\/wp\/v2\/pages"}],"about":[{"href":"https:\/\/www.adconsultants-communications.com\/index.php?rest_route=\/wp\/v2\/types\/page"}],"author":[{"embeddable":true,"href":"https:\/\/www.adconsultants-communications.com\/index.php?rest_route=\/wp\/v2\/users\/1"}],"replies":[{"embeddable":true,"href":"https:\/\/www.adconsultants-communications.com\/index.php?rest_route=%2Fwp%2Fv2%2Fcomments&post=8354"}],"version-history":[{"count":1,"href":"https:\/\/www.adconsultants-communications.com\/index.php?rest_route=\/wp\/v2\/pages\/8354\/revisions"}],"predecessor-version":[{"id":8366,"href":"https:\/\/www.adconsultants-communications.com\/index.php?rest_route=\/wp\/v2\/pages\/8354\/revisions\/8366"}],"wp:attachment":[{"href":"https:\/\/www.adconsultants-communications.com\/index.php?rest_route=%2Fwp%2Fv2%2Fmedia&parent=8354"}],"curies":[{"name":"wp","href":"https:\/\/api.w.org\/{rel}","templated":true}]}}