{"id":8269,"date":"2022-09-21T10:30:21","date_gmt":"2022-09-21T08:30:21","guid":{"rendered":"https:\/\/www.adconsultants-communications.com\/?page_id=8269"},"modified":"2022-11-04T16:34:32","modified_gmt":"2022-11-04T15:34:32","slug":"animation-de-debats","status":"publish","type":"page","link":"https:\/\/www.adconsultants-communications.com\/?page_id=8269","title":{"rendered":"Animation de d\u00e9bats"},"content":{"rendered":"<p>[vc_section css=\u00a0\u00bb.vc_custom_1497387491552{border-bottom-width: 1px !important;border-bottom-color: #dddddd !important;border-bottom-style: solid !important;}\u00a0\u00bb][vc_row 0=\u00a0\u00bb\u00a0\u00bb][vc_column 0=\u00a0\u00bb\u00a0\u00bb]<div class=\"wpb_content_element \"><style type=\"text\/css\">#ut_header_69f73f7a62292 h2.section-title { font-size:40px !important;line-height:55px !important; }<\/style><header id=\"ut_header_69f73f7a62292\" class=\"section-header  ut-no-title-linebreak-mobile ut-no-lead-linebreak-mobile pt-style-7 header-left header-tablet-left header-mobile-center element-with-custom-line-height\"><div class=\"element-with-custom-line-height\" ><h2 data-title=\"Mission AD consultants :\"  data-responsive-font=\"section_title\" data-responsive-font-settings=\"{&quot;base-font-size&quot;:&quot;40&quot;,&quot;font-size-unit&quot;:&quot;px&quot;,&quot;font-size&quot;:{&quot;desktop_large&quot;:&quot;40&quot;},&quot;base-line-height&quot;:&quot;global&quot;,&quot;line-height&quot;:{&quot;desktop_large&quot;:&quot;55&quot;},&quot;base-letter-spacing&quot;:&quot;global&quot;}\" class=\"section-title  \"><span><b>Mission AD consultants :<\/b><\/span><\/h2><\/div><div data-delay=\"0\" class=\"lead \"><p><b>Animer un d\u00e9bat r\u00e9pond \u00e0 trois principes simples :<\/b><\/p>\n<p>D\u2019abord, bien s\u2019impr\u00e9gner du sujet, puis, conna\u00eetre l\u2019exp\u00e9rience et la notori\u00e9t\u00e9 des intervenants, enfin, adopter ses interventions \u00e0 l\u2019esprit de la r\u00e9union, du d\u00e9bat ou du colloque.<\/p>\n<p>Il n\u2019y a pas de r\u00e8gle intangible pour r\u00e9ussir une animation. Selon le contexte, un ton grave, s\u00e9rieux ou teint\u00e9 d\u2019humour peut \u00eatre adapt\u00e9.<\/p>\n<p><b>Prenons l\u2019exemple de l\u2019animation d\u2019une r\u00e9union politique :<\/b><\/p>\n<p>sa pr\u00e9sentation peut \u00eatre truff\u00e9e d\u2019anecdotes qui int\u00e9ressent le public ou m\u00eame qui l\u2019associe en le faisant participer \u00e0 l\u2019histoire racont\u00e9e. Puis chaque intervenant est pr\u00e9sent\u00e9 en soulignant ses points forts ou originaux avec un ton s\u00e9rieux ou d\u00e9complex\u00e9.<\/p>\n<p>Il ne faut jamais oublier que c\u2019est l\u2019orateur qui doit \u00eatre valoris\u00e9. Il faut avoir l\u2019intelligence de l\u2019humilit\u00e9 pour r\u00e9ussir l\u2019animation des r\u00e9unions.<\/p>\n<\/div><\/header><\/div><div class=\"wpb_content_element \"><style type=\"text\/css\">#ut_header_69f73f7a651fd h2.section-title { font-size:40px !important;line-height:55px !important; }<\/style><header id=\"ut_header_69f73f7a651fd\" class=\"section-header  ut-no-title-linebreak-mobile ut-no-lead-linebreak-mobile pt-style-7 header-left header-tablet-left header-mobile-center element-with-custom-line-height\"><div class=\"element-with-custom-line-height\" ><h2 data-title=\"Animation de d\u00e9bats\"  data-responsive-font=\"section_title\" data-responsive-font-settings=\"{&quot;base-font-size&quot;:&quot;40&quot;,&quot;font-size-unit&quot;:&quot;px&quot;,&quot;font-size&quot;:{&quot;desktop_large&quot;:&quot;40&quot;},&quot;base-line-height&quot;:&quot;global&quot;,&quot;line-height&quot;:{&quot;desktop_large&quot;:&quot;55&quot;},&quot;base-letter-spacing&quot;:&quot;global&quot;}\" class=\"section-title  \"><span><b>Animation de d\u00e9bats<\/b><\/span><\/h2><\/div><div data-delay=\"0\" class=\"lead \"><p>J\u2019anime vos d\u00e9bats, colloques, conf\u00e9rences, congr\u00e8s, conventions\u2026 pour les rendre captivants et interactifs<\/p>\n<p>Le colloque que vous organisez, doit valoriser vos activit\u00e9s, permettre l\u2019\u00e9change d\u2019informations, entra\u00eener les participants dans une nouvelle dynamique, laisser une trace dans votre organisation et votre d\u00e9veloppement.<\/p>\n<p>L\u2019animation est plus qu\u2019une condition favorable \u00e0 la r\u00e9ussite de votre \u00e9v\u00e9nement, c\u2019est un \u00e9l\u00e9ment d\u00e9terminant et je serai heureux de m\u2019adapter \u00e0 celui que vous organisez.<\/p>\n<\/div><\/header><\/div><div class=\"wpb_content_element \"><style type=\"text\/css\">#ut_header_69f73f7a6596c h2.section-title { font-size:40px !important;line-height:55px !important; }<\/style><header id=\"ut_header_69f73f7a6596c\" class=\"section-header  ut-no-title-linebreak-mobile ut-no-lead-linebreak-mobile pt-style-7 header-left header-tablet-left header-mobile-center element-with-custom-line-height\"><div class=\"element-with-custom-line-height\" ><h2 data-title=\"Mes prestations d\u2019animateur\"  data-responsive-font=\"section_title\" data-responsive-font-settings=\"{&quot;base-font-size&quot;:&quot;40&quot;,&quot;font-size-unit&quot;:&quot;px&quot;,&quot;font-size&quot;:{&quot;desktop_large&quot;:&quot;40&quot;},&quot;base-line-height&quot;:&quot;global&quot;,&quot;line-height&quot;:{&quot;desktop_large&quot;:&quot;55&quot;},&quot;base-letter-spacing&quot;:&quot;global&quot;}\" class=\"section-title  \"><span><b>Mes prestations d\u2019animateur<\/b><\/span><\/h2><\/div><div data-delay=\"0\" class=\"lead \"><p>Je suis en mesure d\u2019animer :<br \/>\n\u2022 Colloques, tables rondes,<br \/>\n\u2022 D\u00e9bats politiques,<br \/>\n\u2022 D\u00e9bats citoyens,<br \/>\n\u2022 S\u00e9minaires professionnels,<br \/>\n\u2022 Remises de prix,<\/p>\n<\/div><\/header><\/div><div class=\"wpb_content_element \"><style type=\"text\/css\">#ut_header_69f73f7a660b1 h2.section-title { font-size:40px !important;line-height:55px !important; }<\/style><header id=\"ut_header_69f73f7a660b1\" class=\"section-header  ut-no-title-linebreak-mobile ut-no-lead-linebreak-mobile pt-style-7 header-left header-tablet-left header-mobile-center element-with-custom-line-height\"><div class=\"element-with-custom-line-height\" ><h2 data-title=\"\u00c9l\u00e9ments de mission\"  data-responsive-font=\"section_title\" data-responsive-font-settings=\"{&quot;base-font-size&quot;:&quot;40&quot;,&quot;font-size-unit&quot;:&quot;px&quot;,&quot;font-size&quot;:{&quot;desktop_large&quot;:&quot;40&quot;},&quot;base-line-height&quot;:&quot;global&quot;,&quot;line-height&quot;:{&quot;desktop_large&quot;:&quot;55&quot;},&quot;base-letter-spacing&quot;:&quot;global&quot;}\" class=\"section-title  \"><span><b>\u00c9l\u00e9ments de mission<\/b><\/span><\/h2><\/div><div data-delay=\"0\" class=\"lead \"><p>Voici les \u00e9l\u00e9ments de mission que je vous propose de prendre en charge :<\/p>\n<p><b>En amont de l\u2019\u00e9v\u00e9nement<\/b><br \/>\n\u2022 Assimilation de la probl\u00e9matique sp\u00e9cifique de votre colloque,<br \/>\n\u2022 Conseil afin de rendre votre \u00e9v\u00e9nement le plus vivant et professionnel,<br \/>\n\u2022 Entretien pr\u00e9alable avec chaque intervenant,<br \/>\n\u2022 Pr\u00e9paration de l\u2019interview<br \/>\n\u2022 Recueil des diaporamas des intervenants,<\/p>\n<p><b>Pendant l\u2019animation<\/b><br \/>\n\u2022 V\u00e9rification et validation des moyens techniques<br \/>\n\u2022 Introduction du colloque pr\u00e9cisant le contexte, ses objectifs \u2026<br \/>\n\u2022 Pr\u00e9sentation des intervenants afin de les valoriser et les mettre en confiance<br \/>\n\u2022 Interview des intervenants en direct,<br \/>\n\u2022 Animation de tables rondes et d\u2019ateliers,<br \/>\n\u2022 Animation des temps d\u2019\u00e9change avec le public,<br \/>\n\u2022 Conclusion du colloque.<\/p>\n<p>\n<\/div><\/header><\/div><div class=\"wpb_content_element \"><style type=\"text\/css\">#ut_header_69f73f7a667f9 h2.section-title { font-size:40px !important;line-height:55px !important; }<\/style><header id=\"ut_header_69f73f7a667f9\" class=\"section-header  ut-no-title-linebreak-mobile ut-no-lead-linebreak-mobile pt-style-7 header-left header-tablet-left header-mobile-center element-with-custom-line-height\"><div class=\"element-with-custom-line-height\" ><h2 data-title=\"En option : La totalit\u00e9 ou une partie de l\u2019organisation de votre \u00e9v\u00e9nement et sa communication print et num\u00e9rique.\"  data-responsive-font=\"section_title\" data-responsive-font-settings=\"{&quot;base-font-size&quot;:&quot;40&quot;,&quot;font-size-unit&quot;:&quot;px&quot;,&quot;font-size&quot;:{&quot;desktop_large&quot;:&quot;40&quot;},&quot;base-line-height&quot;:&quot;global&quot;,&quot;line-height&quot;:{&quot;desktop_large&quot;:&quot;55&quot;},&quot;base-letter-spacing&quot;:&quot;global&quot;}\" class=\"section-title  \"><span><b>En option : La totalit\u00e9 ou une partie de l\u2019organisation de votre \u00e9v\u00e9nement et sa communication print et num\u00e9rique.<\/b><\/span><\/h2><\/div><div data-delay=\"0\" class=\"lead \"><p>\u2022 Gestion et choix des prestataires<br \/>\n\u2022 Choix des moyens techniques, plan de la sc\u00e8ne, plan pour salon pro\u2026,<br \/>\n\u2022 Phoning : Invitation et rappel de l\u2019\u00e9v\u00e9nement,<br \/>\n\u2022 Cr\u00e9ation du visuel de l\u2019\u00e9v\u00e9nement,<br \/>\n\u2022 Cr\u00e9ation de l\u2019ensemble des supports print (affiches, Flyers, invitations\u2026),<br \/>\n\u2022 Cr\u00e9ation de l\u2019ensemble des supports num\u00e9riques (site internet et post pour r\u00e9seaux sociaux),<br \/>\n\u2022 Cr\u00e9ation d\u2019un support d\u2019\u00e9valuation et de communication de l\u2019\u00e9v\u00e9nement,<br \/>\n\u2022 \u2026<\/p>\n<\/div><\/header><\/div>[\/vc_column][\/vc_row][\/vc_section]<\/p>\n","protected":false},"excerpt":{"rendered":"<p>[vc_section css=\u00a0\u00bb.vc_custom_1497387491552{border-bottom-width: 1px !important;border-bottom-color: #dddddd !important;border-bottom-style: solid !important;}\u00a0\u00bb][vc_row 0=\u00a0\u00bb\u00a0\u00bb][vc_column 0=\u00a0\u00bb\u00a0\u00bb][\/vc_column][\/vc_row][\/vc_section]<\/p>\n","protected":false},"author":1,"featured_media":0,"parent":0,"menu_order":0,"comment_status":"closed","ping_status":"closed","template":"","meta":{"footnotes":""},"class_list":["post-8269","page","type-page","status-publish","hentry"],"yoast_head":"<!-- This site is optimized with the Yoast SEO plugin v19.9 - https:\/\/yoast.com\/wordpress\/plugins\/seo\/ -->\n<title>Animations de d\u00e9bats, colloques, conf\u00e9rences,<\/title>\n<meta name=\"description\" content=\"Animations de d\u00e9bats, colloques, conf\u00e9rences, congr\u00e8s, conventions captivants et interactifs ! Une seule adresse pour r\u00e9ussir :Ad consultants\" \/>\n<meta name=\"robots\" content=\"index, follow, max-snippet:-1, max-image-preview:large, max-video-preview:-1\" \/>\n<link rel=\"canonical\" href=\"https:\/\/www.adconsultants-communications.com\/?page_id=8269\" \/>\n<meta property=\"og:locale\" content=\"fr_FR\" \/>\n<meta property=\"og:type\" content=\"article\" \/>\n<meta property=\"og:title\" content=\"Animations de d\u00e9bats, colloques, conf\u00e9rences,\" \/>\n<meta property=\"og:description\" content=\"Animations de d\u00e9bats, colloques, conf\u00e9rences, congr\u00e8s, conventions captivants et interactifs ! Une seule adresse pour r\u00e9ussir :Ad consultants\" \/>\n<meta property=\"og:url\" content=\"https:\/\/www.adconsultants-communications.com\/?page_id=8269\" \/>\n<meta property=\"og:site_name\" content=\"AD Consultants\" \/>\n<meta property=\"article:modified_time\" content=\"2022-11-04T15:34:32+00:00\" \/>\n<meta name=\"twitter:card\" content=\"summary_large_image\" \/>\n<meta name=\"twitter:label1\" content=\"Dur\u00e9e de lecture estim\u00e9e\" \/>\n\t<meta name=\"twitter:data1\" content=\"3 minutes\" \/>\n<script type=\"application\/ld+json\" class=\"yoast-schema-graph\">{\"@context\":\"https:\/\/schema.org\",\"@graph\":[{\"@type\":\"WebPage\",\"@id\":\"https:\/\/www.adconsultants-communications.com\/?page_id=8269\",\"url\":\"https:\/\/www.adconsultants-communications.com\/?page_id=8269\",\"name\":\"Animations de d\u00e9bats, colloques, conf\u00e9rences,\",\"isPartOf\":{\"@id\":\"https:\/\/www.adconsultants-communications.com\/#website\"},\"datePublished\":\"2022-09-21T08:30:21+00:00\",\"dateModified\":\"2022-11-04T15:34:32+00:00\",\"description\":\"Animations de d\u00e9bats, colloques, conf\u00e9rences, congr\u00e8s, conventions captivants et interactifs ! Une seule adresse pour r\u00e9ussir :Ad consultants\",\"breadcrumb\":{\"@id\":\"https:\/\/www.adconsultants-communications.com\/?page_id=8269#breadcrumb\"},\"inLanguage\":\"fr-FR\",\"potentialAction\":[{\"@type\":\"ReadAction\",\"target\":[\"https:\/\/www.adconsultants-communications.com\/?page_id=8269\"]}]},{\"@type\":\"BreadcrumbList\",\"@id\":\"https:\/\/www.adconsultants-communications.com\/?page_id=8269#breadcrumb\",\"itemListElement\":[{\"@type\":\"ListItem\",\"position\":1,\"name\":\"Accueil\",\"item\":\"https:\/\/www.adconsultants-communications.com\/\"},{\"@type\":\"ListItem\",\"position\":2,\"name\":\"Animation de d\u00e9bats\"}]},{\"@type\":\"WebSite\",\"@id\":\"https:\/\/www.adconsultants-communications.com\/#website\",\"url\":\"https:\/\/www.adconsultants-communications.com\/\",\"name\":\"AD Consultants\",\"description\":\"\",\"publisher\":{\"@id\":\"https:\/\/www.adconsultants-communications.com\/#organization\"},\"potentialAction\":[{\"@type\":\"SearchAction\",\"target\":{\"@type\":\"EntryPoint\",\"urlTemplate\":\"https:\/\/www.adconsultants-communications.com\/?s={search_term_string}\"},\"query-input\":\"required name=search_term_string\"}],\"inLanguage\":\"fr-FR\"},{\"@type\":\"Organization\",\"@id\":\"https:\/\/www.adconsultants-communications.com\/#organization\",\"name\":\"AD Consultants communications\",\"url\":\"https:\/\/www.adconsultants-communications.com\/\",\"logo\":{\"@type\":\"ImageObject\",\"inLanguage\":\"fr-FR\",\"@id\":\"https:\/\/www.adconsultants-communications.com\/#\/schema\/logo\/image\/\",\"url\":\"https:\/\/www.adconsultants-communications.com\/wp-content\/uploads\/2022\/09\/LOGO_5.jpg\",\"contentUrl\":\"https:\/\/www.adconsultants-communications.com\/wp-content\/uploads\/2022\/09\/LOGO_5.jpg\",\"width\":800,\"height\":200,\"caption\":\"AD Consultants communications\"},\"image\":{\"@id\":\"https:\/\/www.adconsultants-communications.com\/#\/schema\/logo\/image\/\"}}]}<\/script>\n<!-- \/ Yoast SEO plugin. -->","yoast_head_json":{"title":"Animations de d\u00e9bats, colloques, conf\u00e9rences,","description":"Animations de d\u00e9bats, colloques, conf\u00e9rences, congr\u00e8s, conventions captivants et interactifs ! Une seule adresse pour r\u00e9ussir :Ad consultants","robots":{"index":"index","follow":"follow","max-snippet":"max-snippet:-1","max-image-preview":"max-image-preview:large","max-video-preview":"max-video-preview:-1"},"canonical":"https:\/\/www.adconsultants-communications.com\/?page_id=8269","og_locale":"fr_FR","og_type":"article","og_title":"Animations de d\u00e9bats, colloques, conf\u00e9rences,","og_description":"Animations de d\u00e9bats, colloques, conf\u00e9rences, congr\u00e8s, conventions captivants et interactifs ! Une seule adresse pour r\u00e9ussir :Ad consultants","og_url":"https:\/\/www.adconsultants-communications.com\/?page_id=8269","og_site_name":"AD Consultants","article_modified_time":"2022-11-04T15:34:32+00:00","twitter_card":"summary_large_image","twitter_misc":{"Dur\u00e9e de lecture estim\u00e9e":"3 minutes"},"schema":{"@context":"https:\/\/schema.org","@graph":[{"@type":"WebPage","@id":"https:\/\/www.adconsultants-communications.com\/?page_id=8269","url":"https:\/\/www.adconsultants-communications.com\/?page_id=8269","name":"Animations de d\u00e9bats, colloques, conf\u00e9rences,","isPartOf":{"@id":"https:\/\/www.adconsultants-communications.com\/#website"},"datePublished":"2022-09-21T08:30:21+00:00","dateModified":"2022-11-04T15:34:32+00:00","description":"Animations de d\u00e9bats, colloques, conf\u00e9rences, congr\u00e8s, conventions captivants et interactifs ! Une seule adresse pour r\u00e9ussir :Ad consultants","breadcrumb":{"@id":"https:\/\/www.adconsultants-communications.com\/?page_id=8269#breadcrumb"},"inLanguage":"fr-FR","potentialAction":[{"@type":"ReadAction","target":["https:\/\/www.adconsultants-communications.com\/?page_id=8269"]}]},{"@type":"BreadcrumbList","@id":"https:\/\/www.adconsultants-communications.com\/?page_id=8269#breadcrumb","itemListElement":[{"@type":"ListItem","position":1,"name":"Accueil","item":"https:\/\/www.adconsultants-communications.com\/"},{"@type":"ListItem","position":2,"name":"Animation de d\u00e9bats"}]},{"@type":"WebSite","@id":"https:\/\/www.adconsultants-communications.com\/#website","url":"https:\/\/www.adconsultants-communications.com\/","name":"AD Consultants","description":"","publisher":{"@id":"https:\/\/www.adconsultants-communications.com\/#organization"},"potentialAction":[{"@type":"SearchAction","target":{"@type":"EntryPoint","urlTemplate":"https:\/\/www.adconsultants-communications.com\/?s={search_term_string}"},"query-input":"required name=search_term_string"}],"inLanguage":"fr-FR"},{"@type":"Organization","@id":"https:\/\/www.adconsultants-communications.com\/#organization","name":"AD Consultants communications","url":"https:\/\/www.adconsultants-communications.com\/","logo":{"@type":"ImageObject","inLanguage":"fr-FR","@id":"https:\/\/www.adconsultants-communications.com\/#\/schema\/logo\/image\/","url":"https:\/\/www.adconsultants-communications.com\/wp-content\/uploads\/2022\/09\/LOGO_5.jpg","contentUrl":"https:\/\/www.adconsultants-communications.com\/wp-content\/uploads\/2022\/09\/LOGO_5.jpg","width":800,"height":200,"caption":"AD Consultants communications"},"image":{"@id":"https:\/\/www.adconsultants-communications.com\/#\/schema\/logo\/image\/"}}]}},"_links":{"self":[{"href":"https:\/\/www.adconsultants-communications.com\/index.php?rest_route=\/wp\/v2\/pages\/8269","targetHints":{"allow":["GET"]}}],"collection":[{"href":"https:\/\/www.adconsultants-communications.com\/index.php?rest_route=\/wp\/v2\/pages"}],"about":[{"href":"https:\/\/www.adconsultants-communications.com\/index.php?rest_route=\/wp\/v2\/types\/page"}],"author":[{"embeddable":true,"href":"https:\/\/www.adconsultants-communications.com\/index.php?rest_route=\/wp\/v2\/users\/1"}],"replies":[{"embeddable":true,"href":"https:\/\/www.adconsultants-communications.com\/index.php?rest_route=%2Fwp%2Fv2%2Fcomments&post=8269"}],"version-history":[{"count":3,"href":"https:\/\/www.adconsultants-communications.com\/index.php?rest_route=\/wp\/v2\/pages\/8269\/revisions"}],"predecessor-version":[{"id":8384,"href":"https:\/\/www.adconsultants-communications.com\/index.php?rest_route=\/wp\/v2\/pages\/8269\/revisions\/8384"}],"wp:attachment":[{"href":"https:\/\/www.adconsultants-communications.com\/index.php?rest_route=%2Fwp%2Fv2%2Fmedia&parent=8269"}],"curies":[{"name":"wp","href":"https:\/\/api.w.org\/{rel}","templated":true}]}}